{"id":6647,"date":"2020-08-24T09:26:32","date_gmt":"2020-08-24T08:26:32","guid":{"rendered":"https:\/\/wafflesrestaurant16.at\/about\/"},"modified":"2022-12-02T19:31:25","modified_gmt":"2022-12-02T18:31:25","slug":"about","status":"publish","type":"page","link":"https:\/\/wafflesrestaurant16.at\/de\/about\/","title":{"rendered":"\u00dcber uns"},"content":{"rendered":"\t\t<div data-elementor-type=\"wp-page\" data-elementor-id=\"6647\" class=\"elementor elementor-6647 elementor-4358\">\n\t\t\t\t\t\t<section class=\"elementor-section elementor-top-section elementor-element elementor-element-1ca071cc elementor-section-boxed elementor-section-height-default elementor-section-height-default\" data-id=\"1ca071cc\" data-element_type=\"section\">\n\t\t\t\t\t\t<div class=\"elementor-container elementor-column-gap-default\">\n\t\t\t\t\t<div class=\"elementor-column elementor-col-100 elementor-top-column elementor-element elementor-element-37e093af\" data-id=\"37e093af\" data-element_type=\"column\">\n\t\t\t<div class=\"elementor-widget-wrap elementor-element-populated\">\n\t\t\t\t\t\t<section class=\"elementor-section elementor-inner-section elementor-element elementor-element-699345ff elementor-section-boxed elementor-section-height-default elementor-section-height-default\" data-id=\"699345ff\" data-element_type=\"section\">\n\t\t\t\t\t\t<div class=\"elementor-container elementor-column-gap-default\">\n\t\t\t\t\t<div class=\"elementor-column elementor-col-50 elementor-inner-column elementor-element elementor-element-605ec940 elementor-invisible\" data-id=\"605ec940\" data-element_type=\"column\" data-settings=\"{&quot;animation&quot;:&quot;fadeInLeft&quot;}\">\n\t\t\t<div class=\"elementor-widget-wrap elementor-element-populated\">\n\t\t\t\t\t\t<div class=\"elementor-element elementor-element-4d721f4d elementor-widget elementor-widget-heading\" data-id=\"4d721f4d\" data-element_type=\"widget\" data-widget_type=\"heading.default\">\n\t\t\t\t<div class=\"elementor-widget-container\">\n\t\t\t\t\t<h2 class=\"elementor-heading-title elementor-size-default\">Waffle's &amp; Restaurant 16<\/h2>\t\t\t\t<\/div>\n\t\t\t\t<\/div>\n\t\t\t\t<div class=\"elementor-element elementor-element-19d4e62d elementor-widget elementor-widget-text-editor\" data-id=\"19d4e62d\" data-element_type=\"widget\" data-widget_type=\"text-editor.default\">\n\t\t\t\t<div class=\"elementor-widget-container\">\n\t\t\t\t\t\t\t\t\t<p>Bei uns essen Sie hausgemachte Wafflen und andere K\u00f6stlichkeiten mit t\u00e4glich frischen Obst.<\/p><p>Uns ist es wichtig, dass Ihre W\u00fcnsche und Bed\u00fcrfnisse erf\u00fcllt werden und Sie sich rundum zufrieden f\u00fchlen.<\/p><p>So hoffen wir Sie oft als Gast begr\u00fc\u00dfen d\u00fcrfen.<\/p><p>Speisen und Zubereitung im Restaurant!<\/p><p>Bei uns werden alle Wafflen und andere Speisen immer frisch zubereitet.\u00a0<\/p><p>F\u00fcr uns ist Qualit\u00e4t und Frische von zentraler Bedeutung und wir m\u00f6chten Ihnen immer nur das Beste servieren.<\/p>\t\t\t\t\t\t\t\t<\/div>\n\t\t\t\t<\/div>\n\t\t\t\t<div class=\"elementor-element elementor-element-4a27e69 elementor-mobile-align-center elementor-widget elementor-widget-button\" data-id=\"4a27e69\" data-element_type=\"widget\" data-widget_type=\"button.default\">\n\t\t\t\t<div class=\"elementor-widget-container\">\n\t\t\t\t\t\t\t\t\t<div class=\"elementor-button-wrapper\">\n\t\t\t\t\t<a class=\"elementor-button elementor-button-link elementor-size-md\" href=\"\/de\/menu\/\">\n\t\t\t\t\t\t<span class=\"elementor-button-content-wrapper\">\n\t\t\t\t\t\t\t\t\t<span class=\"elementor-button-text\">JETZT BESTELLEN<\/span>\n\t\t\t\t\t<\/span>\n\t\t\t\t\t<\/a>\n\t\t\t\t<\/div>\n\t\t\t\t\t\t\t\t<\/div>\n\t\t\t\t<\/div>\n\t\t\t\t\t<\/div>\n\t\t<\/div>\n\t\t\t\t<div class=\"elementor-column elementor-col-50 elementor-inner-column elementor-element elementor-element-74973b elementor-invisible\" data-id=\"74973b\" data-element_type=\"column\" data-settings=\"{&quot;animation&quot;:&quot;fadeInRight&quot;}\">\n\t\t\t<div class=\"elementor-widget-wrap elementor-element-populated\">\n\t\t\t\t\t\t<div class=\"elementor-element elementor-element-249201d5 elementor-absolute elementor-invisible elementor-widget elementor-widget-image\" data-id=\"249201d5\" data-element_type=\"widget\" data-settings=\"{&quot;_animation&quot;:&quot;fadeInRight&quot;,&quot;_position&quot;:&quot;absolute&quot;}\" data-widget_type=\"image.default\">\n\t\t\t\t<div class=\"elementor-widget-container\">\n\t\t\t\t\t\t\t\t\t\t\t\t\t\t\t<img fetchpriority=\"high\" decoding=\"async\" width=\"300\" height=\"300\" src=\"https:\/\/wafflesrestaurant16.at\/wp-content\/uploads\/2022\/03\/30-300x300.jpg\" class=\"attachment-medium size-medium wp-image-6370\" alt=\"\" srcset=\"https:\/\/wafflesrestaurant16.at\/wp-content\/uploads\/2022\/03\/30-300x300.jpg 300w, https:\/\/wafflesrestaurant16.at\/wp-content\/uploads\/2022\/03\/30-1024x1024.jpg 1024w, https:\/\/wafflesrestaurant16.at\/wp-content\/uploads\/2022\/03\/30-150x150.jpg 150w, https:\/\/wafflesrestaurant16.at\/wp-content\/uploads\/2022\/03\/30-768x768.jpg 768w, https:\/\/wafflesrestaurant16.at\/wp-content\/uploads\/2022\/03\/30-600x600.jpg 600w, https:\/\/wafflesrestaurant16.at\/wp-content\/uploads\/2022\/03\/30-100x100.jpg 100w, https:\/\/wafflesrestaurant16.at\/wp-content\/uploads\/2022\/03\/30.jpg 1080w\" sizes=\"(max-width: 300px) 100vw, 300px\" \/>\t\t\t\t\t\t\t\t\t\t\t\t\t\t\t<\/div>\n\t\t\t\t<\/div>\n\t\t\t\t<div class=\"elementor-element elementor-element-63170a4c elementor-absolute elementor-invisible elementor-widget elementor-widget-image\" data-id=\"63170a4c\" data-element_type=\"widget\" data-settings=\"{&quot;_position&quot;:&quot;absolute&quot;,&quot;_animation&quot;:&quot;fadeInLeft&quot;,&quot;_animation_delay&quot;:300}\" data-widget_type=\"image.default\">\n\t\t\t\t<div class=\"elementor-widget-container\">\n\t\t\t\t\t\t\t\t\t\t\t\t\t\t\t<img decoding=\"async\" width=\"300\" height=\"300\" src=\"https:\/\/wafflesrestaurant16.at\/wp-content\/uploads\/2022\/03\/17-300x300.jpg\" class=\"attachment-medium size-medium wp-image-6358\" alt=\"\" srcset=\"https:\/\/wafflesrestaurant16.at\/wp-content\/uploads\/2022\/03\/17-300x300.jpg 300w, https:\/\/wafflesrestaurant16.at\/wp-content\/uploads\/2022\/03\/17-1024x1024.jpg 1024w, https:\/\/wafflesrestaurant16.at\/wp-content\/uploads\/2022\/03\/17-150x150.jpg 150w, https:\/\/wafflesrestaurant16.at\/wp-content\/uploads\/2022\/03\/17-768x768.jpg 768w, https:\/\/wafflesrestaurant16.at\/wp-content\/uploads\/2022\/03\/17-600x600.jpg 600w, https:\/\/wafflesrestaurant16.at\/wp-content\/uploads\/2022\/03\/17-100x100.jpg 100w, https:\/\/wafflesrestaurant16.at\/wp-content\/uploads\/2022\/03\/17.jpg 1080w\" sizes=\"(max-width: 300px) 100vw, 300px\" \/>\t\t\t\t\t\t\t\t\t\t\t\t\t\t\t<\/div>\n\t\t\t\t<\/div>\n\t\t\t\t\t<\/div>\n\t\t<\/div>\n\t\t\t\t\t<\/div>\n\t\t<\/section>\n\t\t\t\t\t<\/div>\n\t\t<\/div>\n\t\t\t\t\t<\/div>\n\t\t<\/section>\n\t\t\t\t<section class=\"elementor-section elementor-top-section elementor-element elementor-element-681fad56 elementor-section-boxed elementor-section-height-default elementor-section-height-default\" data-id=\"681fad56\" data-element_type=\"section\" data-settings=\"{&quot;background_background&quot;:&quot;classic&quot;}\">\n\t\t\t\t\t\t\t<div class=\"elementor-background-overlay\"><\/div>\n\t\t\t\t\t\t\t<div class=\"elementor-container elementor-column-gap-default\">\n\t\t\t\t\t<div class=\"elementor-column elementor-col-100 elementor-top-column elementor-element elementor-element-7dca2bec\" data-id=\"7dca2bec\" data-element_type=\"column\">\n\t\t\t<div class=\"elementor-widget-wrap elementor-element-populated\">\n\t\t\t\t\t\t<section class=\"elementor-section elementor-inner-section elementor-element elementor-element-21045239 elementor-section-content-middle elementor-section-boxed elementor-section-height-default elementor-section-height-default elementor-invisible\" data-id=\"21045239\" data-element_type=\"section\" data-settings=\"{&quot;animation&quot;:&quot;fadeIn&quot;}\">\n\t\t\t\t\t\t<div class=\"elementor-container elementor-column-gap-default\">\n\t\t\t\t\t<div class=\"elementor-column elementor-col-50 elementor-inner-column elementor-element elementor-element-9e7b7f1\" data-id=\"9e7b7f1\" data-element_type=\"column\">\n\t\t\t<div class=\"elementor-widget-wrap elementor-element-populated\">\n\t\t\t\t\t\t<div class=\"elementor-element elementor-element-2738cb6e elementor-widget elementor-widget-heading\" data-id=\"2738cb6e\" data-element_type=\"widget\" data-widget_type=\"heading.default\">\n\t\t\t\t<div class=\"elementor-widget-container\">\n\t\t\t\t\t<h3 class=\"elementor-heading-title elementor-size-default\">Ausgezeichneter<\/h3>\t\t\t\t<\/div>\n\t\t\t\t<\/div>\n\t\t\t\t<div class=\"elementor-element elementor-element-67234fc3 elementor-widget__width-auto elementor-absolute elementor-widget-divider--view-line elementor-widget elementor-widget-divider\" data-id=\"67234fc3\" data-element_type=\"widget\" data-settings=\"{&quot;_position&quot;:&quot;absolute&quot;}\" data-widget_type=\"divider.default\">\n\t\t\t\t<div class=\"elementor-widget-container\">\n\t\t\t\t\t\t\t<div class=\"elementor-divider\">\n\t\t\t<span class=\"elementor-divider-separator\">\n\t\t\t\t\t\t<\/span>\n\t\t<\/div>\n\t\t\t\t\t\t<\/div>\n\t\t\t\t<\/div>\n\t\t\t\t<div class=\"elementor-element elementor-element-5b5a13ed elementor-widget__width-initial elementor-widget-tablet__width-auto elementor-widget elementor-widget-heading\" data-id=\"5b5a13ed\" data-element_type=\"widget\" data-widget_type=\"heading.default\">\n\t\t\t\t<div class=\"elementor-widget-container\">\n\t\t\t\t\t<h2 class=\"elementor-heading-title elementor-size-default\">Geschmack<\/h2>\t\t\t\t<\/div>\n\t\t\t\t<\/div>\n\t\t\t\t<div class=\"elementor-element elementor-element-652841af elementor-widget__width-auto elementor-widget-divider--view-line elementor-widget elementor-widget-divider\" data-id=\"652841af\" data-element_type=\"widget\" data-widget_type=\"divider.default\">\n\t\t\t\t<div class=\"elementor-widget-container\">\n\t\t\t\t\t\t\t<div class=\"elementor-divider\">\n\t\t\t<span class=\"elementor-divider-separator\">\n\t\t\t\t\t\t<\/span>\n\t\t<\/div>\n\t\t\t\t\t\t<\/div>\n\t\t\t\t<\/div>\n\t\t\t\t<div class=\"elementor-element elementor-element-6b6a25a2 elementor-widget__width-initial elementor-widget elementor-widget-text-editor\" data-id=\"6b6a25a2\" data-element_type=\"widget\" data-widget_type=\"text-editor.default\">\n\t\t\t\t<div class=\"elementor-widget-container\">\n\t\t\t\t\t\t\t\t\t<p>Das Waffle\u2019s &amp; Restaurant 16 freut sich Sie als Gast begr\u00fc\u00dfen zu d\u00fcrfen.<\/p>\t\t\t\t\t\t\t\t<\/div>\n\t\t\t\t<\/div>\n\t\t\t\t\t<\/div>\n\t\t<\/div>\n\t\t\t\t<div class=\"elementor-column elementor-col-50 elementor-inner-column elementor-element elementor-element-5237c7f\" data-id=\"5237c7f\" data-element_type=\"column\">\n\t\t\t<div class=\"elementor-widget-wrap elementor-element-populated\">\n\t\t\t\t\t\t<div class=\"elementor-element elementor-element-33eed3ec elementor-view-stacked elementor-shape-circle elementor-invisible elementor-widget elementor-widget-icon\" data-id=\"33eed3ec\" data-element_type=\"widget\" data-settings=\"{&quot;_animation&quot;:&quot;pulse&quot;}\" data-widget_type=\"icon.default\">\n\t\t\t\t<div class=\"elementor-widget-container\">\n\t\t\t\t\t\t\t<div class=\"elementor-icon-wrapper\">\n\t\t\t<div class=\"elementor-icon elementor-animation-shrink\">\n\t\t\t<i aria-hidden=\"true\" class=\"fas fa-play\"><\/i>\t\t\t<\/div>\n\t\t<\/div>\n\t\t\t\t\t\t<\/div>\n\t\t\t\t<\/div>\n\t\t\t\t\t<\/div>\n\t\t<\/div>\n\t\t\t\t\t<\/div>\n\t\t<\/section>\n\t\t\t\t\t<\/div>\n\t\t<\/div>\n\t\t\t\t\t<\/div>\n\t\t<\/section>\n\t\t\t\t<\/div>\n\t\t","protected":false},"excerpt":{"rendered":"<p>Waffle&#8217;s &amp; Restaurant 16 Bei uns essen Sie hausgemachte Wafflen und andere K\u00f6stlichkeiten mit t\u00e4glich frischen Obst. Uns ist es wichtig, dass Ihre W\u00fcnsche und Bed\u00fcrfnisse erf\u00fcllt werden und Sie sich rundum zufrieden f\u00fchlen. So hoffen wir Sie oft als Gast begr\u00fc\u00dfen d\u00fcrfen. Speisen und Zubereitung im Restaurant! Bei uns werden alle Wafflen und andere&hellip;<\/p>\n","protected":false},"author":1,"featured_media":0,"parent":0,"menu_order":0,"comment_status":"closed","ping_status":"closed","template":"elementor_header_footer","meta":{"footnotes":""},"class_list":["post-6647","page","type-page","status-publish","hentry"],"_links":{"self":[{"href":"https:\/\/wafflesrestaurant16.at\/de\/wp-json\/wp\/v2\/pages\/6647","targetHints":{"allow":["GET"]}}],"collection":[{"href":"https:\/\/wafflesrestaurant16.at\/de\/wp-json\/wp\/v2\/pages"}],"about":[{"href":"https:\/\/wafflesrestaurant16.at\/de\/wp-json\/wp\/v2\/types\/page"}],"author":[{"embeddable":true,"href":"https:\/\/wafflesrestaurant16.at\/de\/wp-json\/wp\/v2\/users\/1"}],"replies":[{"embeddable":true,"href":"https:\/\/wafflesrestaurant16.at\/de\/wp-json\/wp\/v2\/comments?post=6647"}],"version-history":[{"count":12,"href":"https:\/\/wafflesrestaurant16.at\/de\/wp-json\/wp\/v2\/pages\/6647\/revisions"}],"predecessor-version":[{"id":7304,"href":"https:\/\/wafflesrestaurant16.at\/de\/wp-json\/wp\/v2\/pages\/6647\/revisions\/7304"}],"wp:attachment":[{"href":"https:\/\/wafflesrestaurant16.at\/de\/wp-json\/wp\/v2\/media?parent=6647"}],"curies":[{"name":"wp","href":"https:\/\/api.w.org\/{rel}","templated":true}]}}