{"id":7134,"date":"2022-11-09T09:27:54","date_gmt":"2022-11-09T08:27:54","guid":{"rendered":"https:\/\/wafflesrestaurant16.at\/?post_type=product&#038;p=7134"},"modified":"2022-11-09T09:30:16","modified_gmt":"2022-11-09T08:30:16","slug":"turkischer-kaffee-damla-sakizli","status":"publish","type":"product","link":"https:\/\/wafflesrestaurant16.at\/de\/menu\/turkischer-kaffee-damla-sakizli\/","title":{"rendered":"T\u00fcrkischer Kaffee Damla Sak\u0131zl\u0131"},"content":{"rendered":"","protected":false},"excerpt":{"rendered":"","protected":false},"featured_media":7131,"template":"","meta":[],"product_brand":[],"product_cat":[83],"product_tag":[],"class_list":{"0":"post-7134","1":"product","2":"type-product","3":"status-publish","4":"has-post-thumbnail","6":"product_cat-kahveler","7":"tm-has-options","9":"first","10":"instock","11":"shipping-taxable","12":"purchasable","13":"product-type-simple"},"_links":{"self":[{"href":"https:\/\/wafflesrestaurant16.at\/de\/wp-json\/wp\/v2\/product\/7134","targetHints":{"allow":["GET"]}}],"collection":[{"href":"https:\/\/wafflesrestaurant16.at\/de\/wp-json\/wp\/v2\/product"}],"about":[{"href":"https:\/\/wafflesrestaurant16.at\/de\/wp-json\/wp\/v2\/types\/product"}],"wp:featuredmedia":[{"embeddable":true,"href":"https:\/\/wafflesrestaurant16.at\/de\/wp-json\/wp\/v2\/media\/7131"}],"wp:attachment":[{"href":"https:\/\/wafflesrestaurant16.at\/de\/wp-json\/wp\/v2\/media?parent=7134"}],"wp:term":[{"taxonomy":"product_brand","embeddable":true,"href":"https:\/\/wafflesrestaurant16.at\/de\/wp-json\/wp\/v2\/product_brand?post=7134"},{"taxonomy":"product_cat","embeddable":true,"href":"https:\/\/wafflesrestaurant16.at\/de\/wp-json\/wp\/v2\/product_cat?post=7134"},{"taxonomy":"product_tag","embeddable":true,"href":"https:\/\/wafflesrestaurant16.at\/de\/wp-json\/wp\/v2\/product_tag?post=7134"}],"curies":[{"name":"wp","href":"https:\/\/api.w.org\/{rel}","templated":true}]}}